{"id":3259,"date":"2019-03-09T10:20:43","date_gmt":"2019-03-09T10:20:43","guid":{"rendered":"http:\/\/www.aristorjewellery.com\/?page_id=3259"},"modified":"2019-06-13T17:36:29","modified_gmt":"2019-06-13T17:36:29","slug":"evenements-religieux","status":"publish","type":"page","link":"http:\/\/www.aristorjewellery.com\/fr\/evenements-religieux\/","title":{"rendered":"\u00c9V\u00c9NEMENTS RELIGIEUX"},"content":{"rendered":"<p>[vc_row full_width=\u00a0\u00bbstretch_row_content_no_spaces\u00a0\u00bb][vc_column][vc_single_image image=\u00a0\u00bb3135&Prime; img_size=\u00a0\u00bbfull\u00a0\u00bb alignment=\u00a0\u00bbcenter\u00a0\u00bb][vc_empty_space height=\u00a0\u00bb50px\u00a0\u00bb][\/vc_column][\/vc_row][vc_row full_width=\u00a0\u00bbstretch_row\u00a0\u00bb el_class=\u00a0\u00bbjjj wtrow\u00a0\u00bb css=\u00a0\u00bb.vc_custom_1553519403852{margin-right: -100px !important;margin-left: -100px !important;}\u00a0\u00bb][vc_column width=\u00a0\u00bb5\/12&Prime;][vc_empty_space height=\u00a0\u00bb10px\u00a0\u00bb][vc_single_image image=\u00a0\u00bb3403&Prime; img_size=\u00a0\u00bbfull\u00a0\u00bb alignment=\u00a0\u00bbcenter\u00a0\u00bb css=\u00a0\u00bb.vc_custom_1552219732437{border-top-width: 1px !important;border-right-width: 1px !important;border-bottom-width: 1px !important;border-left-width: 1px !important;border-left-color: #d5d3d3 !important;border-left-style: solid !important;border-right-color: #d5d3d3 !important;border-right-style: solid !important;border-top-color: #d5d3d3 !important;border-top-style: solid !important;border-bottom-color: #d5d3d3 !important;border-bottom-style: solid !important;}\u00a0\u00bb][\/vc_column][vc_column width=\u00a0\u00bb7\/12&Prime; css=\u00a0\u00bb.vc_custom_1551954871379{padding-right: 0px !important;padding-left: 0px !important;}\u00a0\u00bb][vc_column_text]<\/p>\n<p class=\"wt_boot_title\" style=\"text-align: center;\">\u00c9V\u00c9NEMENTS RELIGIEUX<\/p>\n<p>[\/vc_column_text][vc_column_text]<\/p>\n<p class=\"wt_produkt_text\">Vous recherchez des croix de bapt\u00eames exceptionnelles? Peut-\u00eatre que vous voulez comm\u00e9morer un autre \u00e9v\u00e9nement religieux avec un beau bijou. Vous trouverez un grand choix de pi\u00e8ces de type religieux dans notre salle de montre manufacturier situ\u00e9e \u00e0 Laval. D\u2019ailleurs, vous y verrez davantage de produits que sur notre site. Nous avons de superbes croix, crucifix, pendentifs, breloques et symboles religieux de qualit\u00e9 sup\u00e9rieure fabriqu\u00e9s en or, disponibles avec ou sans pierres pr\u00e9cieuses.<\/p>\n<p class=\"wt_produkt_text\">Chez Aristor, vous ne payerez pas le prix de d\u00e9tail non plus. Nous sommes fabricants de bijoux qui vendons directement au publique. Nos prix sont bien plus bas que dans les magasins de d\u00e9tail et vous \u00e9pargnerez beaucoup en achetant directement de nous. Notre salle de montre priv\u00e9e est ouverte sur rendez-vous seulement. Donc, prenez votre rendez-vous d\u00e8s aujourd\u2019hui!<\/p>\n<p class=\"wt_produkt_text\">Vous serez enti\u00e8rement satisfait de la qualit\u00e9 de nos pi\u00e8ces de type religieux ainsi que de nos bas prix. Nous sommes une entreprise familiale tr\u00e8s fiers de produire des produits de premi\u00e8re qualit\u00e9. Notre r\u00e9putation repose sur la satisfaction de nos clients et vous pouvez acheter chez nous avec confiance. Nous nous tenons derri\u00e8re tous nos produits qui sont tous fabriqu\u00e9s par des artisans chevronn\u00e9s r\u00e9pondant aux.<\/p>\n<p class=\"wt_produkt_text\">Fixez votre rendez-vous d\u00e8s aujourd\u2019hui et venez nous voir.<\/p>\n<p>[\/vc_column_text][vc_empty_space height=\u00a0\u00bb40px\u00a0\u00bb][vc_btn title=\u00a0\u00bbPRENEZ RENDEZ-VOUS\u00a0\u00bb style=\u00a0\u00bbclassic\u00a0\u00bb shape=\u00a0\u00bbsquare\u00a0\u00bb color=\u00a0\u00bbwarning\u00a0\u00bb align=\u00a0\u00bbcenter\u00a0\u00bb link=\u00a0\u00bburl:%2Fcontact%2F|||\u00a0\u00bb el_class=\u00a0\u00bbwt_but\u00a0\u00bb css=\u00a0\u00bb.vc_custom_1552127157796{margin-top: 0px !important;margin-bottom: 0px !important;}\u00a0\u00bb][vc_column_text]<\/p>\n<p class=\"wt_call_us\" style=\"text-align: center;\">ou appelez-nous au 450 688 7899<\/p>\n<p>[\/vc_column_text][\/vc_column][\/vc_row][vc_row css=\u00a0\u00bb.vc_custom_1553519410170{margin-right: -100px !important;margin-left: -100px !important;}\u00a0\u00bb el_class=\u00a0\u00bbwtrow\u00a0\u00bb][vc_column][vc_empty_space height=\u00a0\u00bb80px\u00a0\u00bb][vc_column_text]<\/p>\n<p class=\"wt_boot_title\" style=\"text-align: center; margin-bottom: 0;\"><span style=\"color: #333333;\">QUELQUES \u00c9CHANTILLONS DE NOS \u00c9V\u00c9NEMENTS RELIGIEUX<\/span><\/p>\n<p style=\"text-align: center;\"><span style=\"color: #333333; font-size: 14px;\">venez nous voir dans notre salle d&rsquo;exposition pour d\u00e9couvrir plus<\/span><\/p>\n<p>[\/vc_column_text][vc_empty_space height=\u00a0\u00bb30px\u00a0\u00bb][vc_masonry_media_grid element_width=\u00a0\u00bb3&Prime; gap=\u00a0\u00bb15&Prime; grid_id=\u00a0\u00bbvc_gid:1560427966211-40fb58e2-4fb1-1&Prime; include=\u00a0\u00bb3400,3398,3404,3406,3408&Prime;][vc_empty_space height=\u00a0\u00bb30px\u00a0\u00bb][vc_btn title=\u00a0\u00bbVOYEZ NOTRE COLLECTION ENTI\u00c8RE &#8211; PRENEZ UN RENDEZ-VOUS\u00a0\u00bb style=\u00a0\u00bbclassic\u00a0\u00bb shape=\u00a0\u00bbsquare\u00a0\u00bb color=\u00a0\u00bbwarning\u00a0\u00bb align=\u00a0\u00bbcenter\u00a0\u00bb link=\u00a0\u00bburl:%2Ffr%2Fcontactez-nous%2F|||\u00a0\u00bb el_class=\u00a0\u00bbwt_but\u00a0\u00bb css=\u00a0\u00bb.vc_custom_1552231507075{margin-top: 0px !important;margin-bottom: 0px !important;}\u00a0\u00bb][vc_column_text]<\/p>\n<p class=\"wt_call_us\" style=\"text-align: center;\">ou appelez-nous au 450 688 7899<\/p>\n<p>[\/vc_column_text][vc_empty_space height=\u00a0\u00bb40px\u00a0\u00bb][\/vc_column][\/vc_row]<\/p>\n","protected":false},"excerpt":{"rendered":"<p>[vc_row full_width=\u00a0\u00bbstretch_row_content_no_spaces\u00a0\u00bb][vc_column][vc_single_image image=\u00a0\u00bb3135&Prime; img_size=\u00a0\u00bbfull\u00a0\u00bb alignment=\u00a0\u00bbcenter\u00a0\u00bb][vc_empty_space height=\u00a0\u00bb50px\u00a0\u00bb][\/vc_column][\/vc_row][vc_row full_width=\u00a0\u00bbstretch_row\u00a0\u00bb el_class=\u00a0\u00bbjjj wtrow\u00a0\u00bb css=\u00a0\u00bb.vc_custom_1553519403852{margin-right: -100px !important;margin-left: -100px !important;}\u00a0\u00bb][vc_column width=\u00a0\u00bb5\/12&Prime;][vc_empty_space&hellip;<\/p>\n","protected":false},"author":1,"featured_media":0,"parent":0,"menu_order":0,"comment_status":"closed","ping_status":"closed","template":"","meta":{"jetpack_post_was_ever_published":false,"footnotes":""},"class_list":["post-3259","page","type-page","status-publish","hentry"],"yoast_head":"<!-- This site is optimized with the Yoast SEO plugin v26.5 - https:\/\/yoast.com\/wordpress\/plugins\/seo\/ -->\n<title>aCroix de Bapt\u00eames Exceptionnelles - \u00c9V\u00c9NEMENTS RELIGIEUX - Aristor Jewellery<\/title>\n<meta name=\"description\" content=\"Vous recherchez des croix de bapt\u00eames exceptionnelles? Peut-\u00eatre que vous voulez comm\u00e9morer un autre \u00e9v\u00e9nement religieux avec un beau bijou.\" \/>\n<meta name=\"robots\" content=\"index, follow, max-snippet:-1, max-image-preview:large, max-video-preview:-1\" \/>\n<link rel=\"canonical\" href=\"http:\/\/www.aristorjewellery.com\/fr\/evenements-religieux\/\" \/>\n<meta property=\"og:locale\" content=\"fr_FR\" \/>\n<meta property=\"og:type\" content=\"article\" \/>\n<meta property=\"og:title\" content=\"aCroix de Bapt\u00eames Exceptionnelles - \u00c9V\u00c9NEMENTS RELIGIEUX - Aristor Jewellery\" \/>\n<meta property=\"og:description\" content=\"Vous recherchez des croix de bapt\u00eames exceptionnelles? Peut-\u00eatre que vous voulez comm\u00e9morer un autre \u00e9v\u00e9nement religieux avec un beau bijou.\" \/>\n<meta property=\"og:url\" content=\"http:\/\/www.aristorjewellery.com\/fr\/evenements-religieux\/\" \/>\n<meta property=\"og:site_name\" content=\"Aristor Jewellery\" \/>\n<meta property=\"article:publisher\" content=\"https:\/\/www.facebook.com\/BijouterieAristor\/\" \/>\n<meta property=\"article:modified_time\" content=\"2019-06-13T17:36:29+00:00\" \/>\n<meta name=\"twitter:card\" content=\"summary_large_image\" \/>\n<meta name=\"twitter:label1\" content=\"Dur\u00e9e de lecture estim\u00e9e\" \/>\n\t<meta name=\"twitter:data1\" content=\"3 minutes\" \/>\n<script type=\"application\/ld+json\" class=\"yoast-schema-graph\">{\"@context\":\"https:\/\/schema.org\",\"@graph\":[{\"@type\":\"WebPage\",\"@id\":\"http:\/\/www.aristorjewellery.com\/fr\/evenements-religieux\/\",\"url\":\"http:\/\/www.aristorjewellery.com\/fr\/evenements-religieux\/\",\"name\":\"aCroix de Bapt\u00eames Exceptionnelles - \u00c9V\u00c9NEMENTS RELIGIEUX - Aristor Jewellery\",\"isPartOf\":{\"@id\":\"http:\/\/www.aristorjewellery.com\/#website\"},\"datePublished\":\"2019-03-09T10:20:43+00:00\",\"dateModified\":\"2019-06-13T17:36:29+00:00\",\"description\":\"Vous recherchez des croix de bapt\u00eames exceptionnelles? Peut-\u00eatre que vous voulez comm\u00e9morer un autre \u00e9v\u00e9nement religieux avec un beau bijou.\",\"breadcrumb\":{\"@id\":\"http:\/\/www.aristorjewellery.com\/fr\/evenements-religieux\/#breadcrumb\"},\"inLanguage\":\"fr-FR\",\"potentialAction\":[{\"@type\":\"ReadAction\",\"target\":[\"http:\/\/www.aristorjewellery.com\/fr\/evenements-religieux\/\"]}]},{\"@type\":\"BreadcrumbList\",\"@id\":\"http:\/\/www.aristorjewellery.com\/fr\/evenements-religieux\/#breadcrumb\",\"itemListElement\":[{\"@type\":\"ListItem\",\"position\":1,\"name\":\"Home\",\"item\":\"http:\/\/www.aristorjewellery.com\/fr\/\"},{\"@type\":\"ListItem\",\"position\":2,\"name\":\"\u00c9V\u00c9NEMENTS RELIGIEUX\"}]},{\"@type\":\"WebSite\",\"@id\":\"http:\/\/www.aristorjewellery.com\/#website\",\"url\":\"http:\/\/www.aristorjewellery.com\/\",\"name\":\"Aristor Jewellery\",\"description\":\"Professionally handcrafted jewellery for all occasions.\",\"publisher\":{\"@id\":\"http:\/\/www.aristorjewellery.com\/#organization\"},\"potentialAction\":[{\"@type\":\"SearchAction\",\"target\":{\"@type\":\"EntryPoint\",\"urlTemplate\":\"http:\/\/www.aristorjewellery.com\/?s={search_term_string}\"},\"query-input\":{\"@type\":\"PropertyValueSpecification\",\"valueRequired\":true,\"valueName\":\"search_term_string\"}}],\"inLanguage\":\"fr-FR\"},{\"@type\":\"Organization\",\"@id\":\"http:\/\/www.aristorjewellery.com\/#organization\",\"name\":\"Aristor Jewellery\",\"url\":\"http:\/\/www.aristorjewellery.com\/\",\"logo\":{\"@type\":\"ImageObject\",\"inLanguage\":\"fr-FR\",\"@id\":\"http:\/\/www.aristorjewellery.com\/#\/schema\/logo\/image\/\",\"url\":\"http:\/\/www.aristorjewellery.com\/wp-content\/uploads\/2017\/08\/16708591_784973458338432_1034665155071604113_n.jpg\",\"contentUrl\":\"http:\/\/www.aristorjewellery.com\/wp-content\/uploads\/2017\/08\/16708591_784973458338432_1034665155071604113_n.jpg\",\"width\":960,\"height\":960,\"caption\":\"Aristor Jewellery\"},\"image\":{\"@id\":\"http:\/\/www.aristorjewellery.com\/#\/schema\/logo\/image\/\"},\"sameAs\":[\"https:\/\/www.facebook.com\/BijouterieAristor\/\",\"https:\/\/www.instagram.com\/aristormtl\/\",\"https:\/\/www.youtube.com\/channel\/UCIO8-Zjqsnn6c9shsOlPdoQ\"]}]}<\/script>\n<!-- \/ Yoast SEO plugin. -->","yoast_head_json":{"title":"aCroix de Bapt\u00eames Exceptionnelles - \u00c9V\u00c9NEMENTS RELIGIEUX - Aristor Jewellery","description":"Vous recherchez des croix de bapt\u00eames exceptionnelles? Peut-\u00eatre que vous voulez comm\u00e9morer un autre \u00e9v\u00e9nement religieux avec un beau bijou.","robots":{"index":"index","follow":"follow","max-snippet":"max-snippet:-1","max-image-preview":"max-image-preview:large","max-video-preview":"max-video-preview:-1"},"canonical":"http:\/\/www.aristorjewellery.com\/fr\/evenements-religieux\/","og_locale":"fr_FR","og_type":"article","og_title":"aCroix de Bapt\u00eames Exceptionnelles - \u00c9V\u00c9NEMENTS RELIGIEUX - Aristor Jewellery","og_description":"Vous recherchez des croix de bapt\u00eames exceptionnelles? Peut-\u00eatre que vous voulez comm\u00e9morer un autre \u00e9v\u00e9nement religieux avec un beau bijou.","og_url":"http:\/\/www.aristorjewellery.com\/fr\/evenements-religieux\/","og_site_name":"Aristor Jewellery","article_publisher":"https:\/\/www.facebook.com\/BijouterieAristor\/","article_modified_time":"2019-06-13T17:36:29+00:00","twitter_card":"summary_large_image","twitter_misc":{"Dur\u00e9e de lecture estim\u00e9e":"3 minutes"},"schema":{"@context":"https:\/\/schema.org","@graph":[{"@type":"WebPage","@id":"http:\/\/www.aristorjewellery.com\/fr\/evenements-religieux\/","url":"http:\/\/www.aristorjewellery.com\/fr\/evenements-religieux\/","name":"aCroix de Bapt\u00eames Exceptionnelles - \u00c9V\u00c9NEMENTS RELIGIEUX - Aristor Jewellery","isPartOf":{"@id":"http:\/\/www.aristorjewellery.com\/#website"},"datePublished":"2019-03-09T10:20:43+00:00","dateModified":"2019-06-13T17:36:29+00:00","description":"Vous recherchez des croix de bapt\u00eames exceptionnelles? Peut-\u00eatre que vous voulez comm\u00e9morer un autre \u00e9v\u00e9nement religieux avec un beau bijou.","breadcrumb":{"@id":"http:\/\/www.aristorjewellery.com\/fr\/evenements-religieux\/#breadcrumb"},"inLanguage":"fr-FR","potentialAction":[{"@type":"ReadAction","target":["http:\/\/www.aristorjewellery.com\/fr\/evenements-religieux\/"]}]},{"@type":"BreadcrumbList","@id":"http:\/\/www.aristorjewellery.com\/fr\/evenements-religieux\/#breadcrumb","itemListElement":[{"@type":"ListItem","position":1,"name":"Home","item":"http:\/\/www.aristorjewellery.com\/fr\/"},{"@type":"ListItem","position":2,"name":"\u00c9V\u00c9NEMENTS RELIGIEUX"}]},{"@type":"WebSite","@id":"http:\/\/www.aristorjewellery.com\/#website","url":"http:\/\/www.aristorjewellery.com\/","name":"Aristor Jewellery","description":"Professionally handcrafted jewellery for all occasions.","publisher":{"@id":"http:\/\/www.aristorjewellery.com\/#organization"},"potentialAction":[{"@type":"SearchAction","target":{"@type":"EntryPoint","urlTemplate":"http:\/\/www.aristorjewellery.com\/?s={search_term_string}"},"query-input":{"@type":"PropertyValueSpecification","valueRequired":true,"valueName":"search_term_string"}}],"inLanguage":"fr-FR"},{"@type":"Organization","@id":"http:\/\/www.aristorjewellery.com\/#organization","name":"Aristor Jewellery","url":"http:\/\/www.aristorjewellery.com\/","logo":{"@type":"ImageObject","inLanguage":"fr-FR","@id":"http:\/\/www.aristorjewellery.com\/#\/schema\/logo\/image\/","url":"http:\/\/www.aristorjewellery.com\/wp-content\/uploads\/2017\/08\/16708591_784973458338432_1034665155071604113_n.jpg","contentUrl":"http:\/\/www.aristorjewellery.com\/wp-content\/uploads\/2017\/08\/16708591_784973458338432_1034665155071604113_n.jpg","width":960,"height":960,"caption":"Aristor Jewellery"},"image":{"@id":"http:\/\/www.aristorjewellery.com\/#\/schema\/logo\/image\/"},"sameAs":["https:\/\/www.facebook.com\/BijouterieAristor\/","https:\/\/www.instagram.com\/aristormtl\/","https:\/\/www.youtube.com\/channel\/UCIO8-Zjqsnn6c9shsOlPdoQ"]}]}},"jetpack_sharing_enabled":true,"jetpack_shortlink":"https:\/\/wp.me\/P92Hqd-Qz","jetpack-related-posts":[{"id":3033,"url":"http:\/\/www.aristorjewellery.com\/home\/","url_meta":{"origin":3259,"position":0},"title":"Home","author":"Aristor Jewellery","date":"mars 6, 2019","format":false,"excerpt":"[vc_row full_width=\"stretch_row_content_no_spaces\"][vc_column][\/vc_column][\/vc_row][vc_row full_width=\"stretch_row_content_no_spaces\" el_class=\"home-boxes\"][vc_column width=\"1\/2\"][vc_row_inner css=\".vc_custom_1560426527714{margin-top: 20px !important;margin-right: 10px !important;background-image: url(http:\/\/www.aristorjewellery.com\/wp-content\/uploads\/2019\/06\/Layer-4.jpg?id=3539) !important;background-position: center !important;background-repeat: no-repeat !important;background-size: cover !important;}\"][vc_column_inner][vc_empty_space height=\"115px\"][vc_column_text] ENGAGEMENT RINGS [\/vc_column_text][vc_empty_space height=\"45px\"][vc_empty_space height=\"95px\"][\/vc_column_inner][\/vc_row_inner][\/vc_column][vc_column width=\"1\/2\"][vc_row_inner css=\".vc_custom_1560426515390{margin-top: 20px !important;margin-left: 10px !important;background-image: url(http:\/\/www.aristorjewellery.com\/wp-content\/uploads\/2019\/06\/Layer-1.jpg?id=3537) !important;background-position: center !important;background-repeat: no-repeat !important;background-size: cover !important;}\"][vc_column_inner][vc_empty_space height=\"115px\"][vc_column_text] WEDDING BANDS + ETERNITY BANDS [\/vc_column_text][vc_empty_space height=\"45px\"][vc_empty_space height=\"95px\"][\/vc_column_inner][\/vc_row_inner][\/vc_column][\/vc_row][vc_row full_width=\"stretch_row_content_no_spaces\" el_class=\"home-boxes\"][vc_column width=\"1\/2\"][vc_row_inner\u2026","rel":"","context":"Article similaire","block_context":{"text":"Article similaire","link":""},"img":{"alt_text":"","src":"","width":0,"height":0},"classes":[]},{"id":3231,"url":"http:\/\/www.aristorjewellery.com\/fr\/","url_meta":{"origin":3259,"position":1},"title":"Accueil","author":"Aristor Jewellery","date":"mars 8, 2019","format":false,"excerpt":"[vc_row full_width=\"stretch_row_content_no_spaces\"][vc_column][\/vc_column][\/vc_row][vc_row full_width=\"stretch_row_content_no_spaces\" el_class=\"home-boxes\"][vc_column width=\"1\/2\"][vc_row_inner css=\".vc_custom_1560426615879{margin-top: 20px !important;margin-right: 10px !important;background-image: url(http:\/\/www.aristorjewellery.com\/wp-content\/uploads\/2019\/06\/Layer-4.jpg?id=3540) !important;background-position: center !important;background-repeat: no-repeat !important;background-size: cover !important;}\"][vc_column_inner][vc_empty_space height=\"115px\"][vc_column_text] BAGUES DE FIAN\u00c7AILLES [\/vc_column_text][vc_empty_space height=\"45px\"][vc_empty_space height=\"95px\"][\/vc_column_inner][\/vc_row_inner][\/vc_column][vc_column width=\"1\/2\"][vc_row_inner css=\".vc_custom_1560426602399{margin-top: 20px !important;margin-left: 10px !important;background-image: url(http:\/\/www.aristorjewellery.com\/wp-content\/uploads\/2019\/06\/Layer-1.jpg?id=3538) !important;background-position: center !important;background-repeat: no-repeat !important;background-size: cover !important;}\"][vc_column_inner][vc_empty_space height=\"115px\"][vc_column_text] JONCS DE MARIAGE ET \u00c9TERNIT\u00c9 [\/vc_column_text][vc_empty_space height=\"45px\"][vc_empty_space height=\"95px\"][\/vc_column_inner][\/vc_row_inner][\/vc_column][\/vc_row][vc_row full_width=\"stretch_row_content_no_spaces\" el_class=\"home-boxes\"][vc_column\u2026","rel":"","context":"Article similaire","block_context":{"text":"Article similaire","link":""},"img":{"alt_text":"","src":"","width":0,"height":0},"classes":[]},{"id":3245,"url":"http:\/\/www.aristorjewellery.com\/gold-chains-and-bracelets\/","url_meta":{"origin":3259,"position":2},"title":"GOLD CHAINS AND BRACELETS","author":"Aristor Jewellery","date":"mars 9, 2019","format":false,"excerpt":"[vc_row full_width=\"stretch_row_content_no_spaces\"][vc_column][vc_single_image image=\"3135\" img_size=\"full\" alignment=\"center\"][vc_empty_space height=\"50px\"][\/vc_column][\/vc_row][vc_row full_width=\"stretch_row\" el_class=\"jjj wtrow\" css=\".vc_custom_1553517896763{margin-right: -100px !important;margin-left: -100px !important;}\"][vc_column width=\"5\/12\"][vc_empty_space height=\"10px\"][vc_single_image image=\"3371\" img_size=\"full\" alignment=\"center\" css=\".vc_custom_1552219034668{border-top-width: 1px !important;border-right-width: 1px !important;border-bottom-width: 1px !important;border-left-width: 1px !important;border-left-color: #d5d3d3 !important;border-left-style: solid !important;border-right-color: #d5d3d3 !important;border-right-style: solid !important;border-top-color: #d5d3d3 !important;border-top-style: solid !important;border-bottom-color: #d5d3d3 !important;border-bottom-style: solid !important;}\"][\/vc_column][vc_column width=\"7\/12\" css=\".vc_custom_1551954871379{padding-right: 0px !important;padding-left: 0px !important;}\"][vc_column_text]\u2026","rel":"","context":"Article similaire","block_context":{"text":"Article similaire","link":""},"img":{"alt_text":"","src":"","width":0,"height":0},"classes":[]},{"id":3243,"url":"http:\/\/www.aristorjewellery.com\/wedding-and-eternity-bands\/","url_meta":{"origin":3259,"position":3},"title":"WEDDING AND ETERNITY BANDS","author":"Aristor Jewellery","date":"mars 9, 2019","format":false,"excerpt":"[vc_row full_width=\"stretch_row_content_no_spaces\"][vc_column][vc_single_image image=\"3135\" img_size=\"full\" alignment=\"center\"][vc_empty_space height=\"50px\"][\/vc_column][\/vc_row][vc_row full_width=\"stretch_row\" el_class=\"jjj wtrow\" css=\".vc_custom_1553519299500{margin-right: -100px !important;margin-left: -100px !important;}\"][vc_column width=\"5\/12\"][vc_empty_space height=\"10px\"][vc_single_image image=\"3422\" img_size=\"full\" alignment=\"center\" css=\".vc_custom_1560429283124{border-top-width: 1px !important;border-right-width: 1px !important;border-bottom-width: 1px !important;border-left-width: 1px !important;border-left-color: #d5d3d3 !important;border-left-style: solid !important;border-right-color: #d5d3d3 !important;border-right-style: solid !important;border-top-color: #d5d3d3 !important;border-top-style: solid !important;border-bottom-color: #d5d3d3 !important;border-bottom-style: solid !important;}\"][\/vc_column][vc_column width=\"7\/12\" css=\".vc_custom_1551954871379{padding-right: 0px !important;padding-left: 0px !important;}\"][vc_column_text]\u2026","rel":"","context":"Article similaire","block_context":{"text":"Article similaire","link":""},"img":{"alt_text":"","src":"","width":0,"height":0},"classes":[]},{"id":3244,"url":"http:\/\/www.aristorjewellery.com\/religious-occasions\/","url_meta":{"origin":3259,"position":4},"title":"RELIGIOUS OCCASIONS","author":"Aristor Jewellery","date":"mars 9, 2019","format":false,"excerpt":"[vc_row full_width=\"stretch_row_content_no_spaces\"][vc_column][vc_single_image image=\"3135\" img_size=\"full\" alignment=\"center\"][vc_empty_space height=\"50px\"][\/vc_column][\/vc_row][vc_row full_width=\"stretch_row\" el_class=\"jjj wtrow\" css=\".vc_custom_1553519271760{margin-right: -100px !important;margin-left: -100px !important;}\"][vc_column width=\"5\/12\"][vc_empty_space height=\"10px\"][vc_single_image image=\"3402\" img_size=\"full\" alignment=\"center\" css=\".vc_custom_1552219602585{border-top-width: 1px !important;border-right-width: 1px !important;border-bottom-width: 1px !important;border-left-width: 1px !important;border-left-color: #d5d3d3 !important;border-left-style: solid !important;border-right-color: #d5d3d3 !important;border-right-style: solid !important;border-top-color: #d5d3d3 !important;border-top-style: solid !important;border-bottom-color: #d5d3d3 !important;border-bottom-style: solid !important;}\"][\/vc_column][vc_column width=\"7\/12\" css=\".vc_custom_1551954871379{padding-right: 0px !important;padding-left: 0px !important;}\"][vc_column_text]\u2026","rel":"","context":"Article similaire","block_context":{"text":"Article similaire","link":""},"img":{"alt_text":"","src":"","width":0,"height":0},"classes":[]},{"id":3132,"url":"http:\/\/www.aristorjewellery.com\/engagement-rings\/","url_meta":{"origin":3259,"position":5},"title":"ENGAGEMENT RINGS","author":"Aristor Jewellery","date":"mars 6, 2019","format":false,"excerpt":"[vc_row full_width=\"stretch_row_content_no_spaces\"][vc_column][vc_single_image image=\"3135\" img_size=\"full\" alignment=\"center\"][vc_empty_space height=\"50px\"][\/vc_column][\/vc_row][vc_row full_width=\"stretch_row\" el_class=\"jjj wtrow\" css=\".vc_custom_1553519280327{margin-right: -100px !important;margin-left: -100px !important;}\"][vc_column width=\"5\/12\"][vc_empty_space height=\"10px\"][vc_single_image image=\"3426\" img_size=\"full\" alignment=\"center\" css=\".vc_custom_1560430550407{border-top-width: 1px !important;border-right-width: 1px !important;border-bottom-width: 1px !important;border-left-width: 1px !important;border-left-color: #d5d3d3 !important;border-left-style: solid !important;border-right-color: #d5d3d3 !important;border-right-style: solid !important;border-top-color: #d5d3d3 !important;border-top-style: solid !important;border-bottom-color: #d5d3d3 !important;border-bottom-style: solid !important;}\"][\/vc_column][vc_column width=\"7\/12\" css=\".vc_custom_1551954871379{padding-right: 0px !important;padding-left: 0px !important;}\"][vc_column_text]\u2026","rel":"","context":"Article similaire","block_context":{"text":"Article similaire","link":""},"img":{"alt_text":"","src":"","width":0,"height":0},"classes":[]}],"_links":{"self":[{"href":"http:\/\/www.aristorjewellery.com\/fr\/wp-json\/wp\/v2\/pages\/3259\/"}],"collection":[{"href":"http:\/\/www.aristorjewellery.com\/fr\/wp-json\/wp\/v2\/pages\/"}],"about":[{"href":"http:\/\/www.aristorjewellery.com\/fr\/wp-json\/wp\/v2\/types\/page\/"}],"author":[{"embeddable":true,"href":"http:\/\/www.aristorjewellery.com\/fr\/wp-json\/wp\/v2\/users\/1\/"}],"replies":[{"embeddable":true,"href":"http:\/\/www.aristorjewellery.com\/fr\/wp-json\/wp\/v2\/comments\/?post=3259"}],"version-history":[{"count":0,"href":"http:\/\/www.aristorjewellery.com\/fr\/wp-json\/wp\/v2\/pages\/3259\/revisions\/"}],"wp:attachment":[{"href":"http:\/\/www.aristorjewellery.com\/fr\/wp-json\/wp\/v2\/media\/?parent=3259"}],"curies":[{"name":"wp","href":"https:\/\/api.w.org\/{rel}","templated":true}]}}